{"id":347,"date":"2021-08-08T17:24:14","date_gmt":"2021-08-08T17:24:14","guid":{"rendered":"https:\/\/boccaccio.cc\/?page_id=347"},"modified":"2022-02-20T20:00:00","modified_gmt":"2022-02-20T20:00:00","slug":"dsvgo-datenschutz","status":"publish","type":"page","link":"https:\/\/boccaccio.cc\/de\/dsvgo-datenschutz\/","title":{"rendered":"Datenschutz"},"content":{"rendered":"<h1>Datenschutz<\/h1>\n<p>&nbsp;<\/p>\n<p><strong>Allgemeines<\/strong><\/p>\n<p>Boccaccio.cc ist der sensible Umgang mit Daten von Nutzern wichtig. Die Erhebung, Verarbeitung und Nutzung Ihrer Daten durch uns erfolgt auf der Grundlage der jeweils geltenden gesetzlichen Bestimmungen, insbesondere der Datenschutzgrundverordnung (DSGVO), des \u00f6sterreichischen Datenschutzgesetzes (DSG) und des Telekommunikationsgesetzes (TKG).<\/p>\n<p><strong>Art, Zweck und Rechtsgrundlage der Datenverarbeitungen<\/strong><\/p>\n<p>Wir erfassen technische Daten im Zusammenhang mit Ihrem Besuch unserer Website, wie die IP-Adresse des von Ihnen verwendeten Ger\u00e4ts oder den verwendeten Internetbrowser (Details siehe \u201eCookies\u201c). Wir verwenden diese personenbezogenen Daten \u00fcber die Interaktion mit unserer Website lediglich zur Verbesserungen unserer Services, unserer Website, zur Erh\u00f6hung der Benutzerfreundlichkeit und zur Webanalyse.<\/p>\n<p><strong>Weitergabe der Daten an Dritte<\/strong><\/p>\n<p>Eine Daten\u00fcberlassung erfolgt grunds\u00e4tzlich <em>nicht<\/em>.&nbsp;Eine Weitergabe Ihrer Daten an Dritte \u2013 au\u00dfer gegen\u00fcber Beh\u00f6rden oder auf Grund gesetzlicher Auskunftsanspr\u00fcche Dritter im gesetzlich erforderlichen Ausma\u00df \u2013 erfolgt nicht.<\/p>\n<p><strong>Newsletter<\/strong><\/p>\n<p>Sollten Sie sich f\u00fcr einen oder mehrere unserer Newsletter anmelden (Double-opt-in), so speichern wir dazu Ihre E-Mail-Adresse. Sie k\u00f6nnen sich jederzeit mittels eines Links am Ende des jeweiligen Newsletters abmelden. Sollten Sie Probleme bei der Abmeldung haben, senden Sie uns eine Mail an redaktion@boccaccio.cc und wir k\u00fcmmern uns umgehend darum.<\/p>\n<p><strong>Cookies<\/strong><\/p>\n<p>Boccaccio.cc verwendet sogenannte Cookies. Cookies sind kleine Dateien, die auf Ihrem Computer abgelegt werden und von Ihrem Browser gespeichert werden. Sie dienen dazu unser Angebot nutzerfreundlicher und effektiver zu machen. Die Website sammelt durch Cookies Informationen und Daten wie z. B. Ihre IP-Adresse (anonymisiert), Datum und Uhrzeit Ihres Besuchs der Website, die auf der Website besuchten Seiten, sowie Informationen \u00fcber den von Ihnen beim Besuch der Website verwendeten Browser. Zus\u00e4tzlich wird das Land gespeichert, aus dem Sie auf die Website zugreifen, sofern dies m\u00f6glich ist, die Sprache des Browsers, den Sie benutzen, die Website, von der Sie auf unsere Website zugreifen, das Suchwort, das bei der Benutzung einer Suchmaschine verwendet wurde, um auf die Website zu gelangen, sowie die Verbindungsart und das von Ihnen verwendete Betriebssystem. Diese Informationen verwenden wir ausschlie\u00dflich f\u00fcr Analysezwecke, um die Website stetig zu verbessern.<\/p>\n<p>Konkret setzten wir (bzw. Dienste von Google) auf unserer Website folgende Cookies ein, die unserem Kenntnisstand nach folgende Daten verarbeiten:<\/p>\n<p>Google Analytics: Zweck: Analyse des Besucherverhaltens auf unserer Website (Details siehe unten)<br>\nVerarbeitete Daten: IP Adresse (anonymisiert), Browserinformationen, Datum und Zeit Ihres Besuchs unserer Website, Land, Ger\u00e4tetyp, Ger\u00e4temodell, Softwaretyp, Internet-Service-Provider, Klickverhalten auf unserer Website, Suchhistorie, Verweildauer auf unserer Website.<\/p>\n<p>Wenn Sie entsprechende Einstellungen in Ihrem Browser vorgenommen haben, die die Verwendung von Cookies verhindern, erfassen wir lediglich anonyme Daten um z. B. die Gesamtanzahl der Besucher unserer Website feststellen zu k\u00f6nnen.<\/p>\n<p>Genauere Informationen, wie Sie Ihren Browser konfigurieren k\u00f6nnen, finden Sie f\u00fcr Ihren jeweiligen Browser hier:<\/p>\n<p><a href=\"https:\/\/support.apple.com\/kb\/PH21411?locale=de_DE\">Apple Safari<\/a><br>\n<a href=\"https:\/\/support.google.com\/chrome\/answer\/95647?hl=de\">Google Chrome<\/a><br>\n<a href=\"http:\/\/windows.microsoft.com\/de-at\/windows-10\/edge-privacy-faq\">Microsoft Edge<\/a><br>\n<a href=\"https:\/\/support.mozilla.org\/de\/kb\/Cookies-blockieren\">Mozilla Firefox<\/a><br>\n<a href=\"http:\/\/windows.microsoft.com\/de-AT\/internet-explorer\/delete-manage-cookies#ie=ie-11\">Windows Internet Explorer<\/a><\/p>\n<p><strong>Google Analytics<\/strong><\/p>\n<p>Boccaccio.cc verwendet Google Analytics, einen Webanalysedienst der Google Inc. (\u201eGoogle\u201c). Google Analytics verwendet Cookies, die eine Analyse der Benutzung der Website durch Sie erm\u00f6glichen. Die durch das Cookie erzeugten Informationen \u00fcber Ihre Benutzung dieser Website (einschlie\u00dflich Ihrer IP-Adresse, welche jedoch anonymisiert wird) wird an einen Server von Google in den USA \u00fcbertragen und dort gespeichert. Google wird diese Informationen benutzen, um Ihre Nutzung der Website auszuwerten, um Reports \u00fcber die Websiteaktivit\u00e4ten f\u00fcr uns zusammenzustellen und um weitere mit der Websitenutzung und der Internetnutzung verbundene Dienstleistungen zu erbringen. Diese Informationen werden gegebenenfalls auch an Dritte \u00fcbertragen, sofern dies gesetzlich vorgeschrieben oder soweit Dritte diese Daten im Auftrag von Google verarbeiten. Google wird in keinem Fall Ihre IP-Adresse mit anderen Daten von Google in Verbindung bringen.<\/p>\n<p>Durch eine entsprechende Einstellung ihrer Browser-Software k\u00f6nnen Sie die Speicherung der Cookies verhindern.<\/p>\n<p><a href=\"http:\/\/www.google.com\/intl\/de_ALL\/analytics\/index.html\">Google Analytics<\/a><br>\n<a href=\"http:\/\/www.google.com\/intl\/de_ALL\/policies\/privacy\/\">Datenschutzerkl\u00e4rung<\/a><\/p>\n<p>Wenn Sie die Verarbeitung dieser Daten durch Google verhindern wollen, klicken Sie auf hier <a href=\"http:\/\/tools.google.com\/dlpage\/gaoptout?hl=de\">zum Herunterladen und Installieren des Browser-Plugin<\/a><\/p>\n<p><strong>Speicherdauer<\/strong><\/p>\n<p>Grunds\u00e4tzlich bewahren wir die Sie betreffenden Daten nur so lange auf, wie es f\u00fcr die Zwecke, f\u00fcr die sie verarbeitet werden, erforderlich ist. Dar\u00fcber hinaus sind wir gegebenenfalls gesetzlichen Aufbewahrungspflichten unterworfen. Sofern Sie sich f\u00fcr einen oder mehrere unserer Newsletter angemeldet haben, speichern wir Ihre Daten bis zu einem etwaigen Widerruf Ihrer Einwilligung und maximal f\u00fcr drei Jahre nach der letzten Kontaktaufnahme.<\/p>\n<p><strong>Betroffenenrechte<\/strong><\/p>\n<p>Sie haben ein Recht auf Auskunft \u00fcber die von uns \u00fcber Sie verarbeiteten personenbezogenen Daten. Zus\u00e4tzlich haben Sie das Recht auf Berichtigung unrichtiger Daten, Erg\u00e4nzung unvollst\u00e4ndiger Daten und L\u00f6schung bei Vorliegen eines L\u00f6schungsgrunds (wie z. B. einem Widerruf der Einwilligung). Zudem haben Sie das Recht auf Einschr\u00e4nkung der Verarbeitung, ein Widerspruchsrecht sowie das Recht auf Daten\u00fcbertragbarkeit unter bestimmten Umst\u00e4nden. Selbstverst\u00e4ndlich haben Sie das Recht, eine erteilte Einwilligung jederzeit zu widerrufen. Weiters haben Sie das Recht auf Beschwerde bei der zust\u00e4ndigen Aufsichtsbeh\u00f6rde (der Datenschutzbeh\u00f6rde).<\/p>\n<p>Bei diesbez\u00fcglichen oder sonstigen Fragen wenden Sie sich bitte an redaktion@boccaccio.cc<\/p>\n","protected":false},"excerpt":{"rendered":"<p>Datenschutz &nbsp; Allgemeines Boccaccio.cc ist der sensible Umgang mit Daten von Nutzern wichtig. Die Erhebung, Verarbeitung und Nutzung Ihrer Daten durch uns erfolgt auf der Grundlage der jeweils geltenden gesetzlichen Bestimmungen, insbesondere der Datenschutzgrundverordnung (DSGVO), des \u00f6sterreichischen Datenschutzgesetzes (DSG) und des Telekommunikationsgesetzes (TKG). Art, Zweck und Rechtsgrundlage der Datenverarbeitungen Wir erfassen technische Daten im Zusammenhang [\u2026]<\/p>\n","protected":false},"author":2,"featured_media":0,"parent":0,"menu_order":3,"comment_status":"closed","ping_status":"closed","template":"","meta":{"_acf_changed":false,"give_campaign_id":0,"wp_typography_post_enhancements_disabled":false,"footnotes":""},"class_list":["post-347","page","type-page","status-publish","hentry"],"acf":[],"campaignId":"","_links":{"self":[{"href":"https:\/\/boccaccio.cc\/de\/wp-json\/wp\/v2\/pages\/347","targetHints":{"allow":["GET"]}}],"collection":[{"href":"https:\/\/boccaccio.cc\/de\/wp-json\/wp\/v2\/pages"}],"about":[{"href":"https:\/\/boccaccio.cc\/de\/wp-json\/wp\/v2\/types\/page"}],"author":[{"embeddable":true,"href":"https:\/\/boccaccio.cc\/de\/wp-json\/wp\/v2\/users\/2"}],"replies":[{"embeddable":true,"href":"https:\/\/boccaccio.cc\/de\/wp-json\/wp\/v2\/comments?post=347"}],"version-history":[{"count":4,"href":"https:\/\/boccaccio.cc\/de\/wp-json\/wp\/v2\/pages\/347\/revisions"}],"predecessor-version":[{"id":1404,"href":"https:\/\/boccaccio.cc\/de\/wp-json\/wp\/v2\/pages\/347\/revisions\/1404"}],"wp:attachment":[{"href":"https:\/\/boccaccio.cc\/de\/wp-json\/wp\/v2\/media?parent=347"}],"curies":[{"name":"wp","href":"https:\/\/api.w.org\/{rel}","templated":true}]}}