{"id":4105,"date":"2025-01-15T23:38:51","date_gmt":"2025-01-15T23:38:51","guid":{"rendered":"https:\/\/boccaccio.cc\/?page_id=4105"},"modified":"2025-09-26T23:22:49","modified_gmt":"2025-09-26T23:22:49","slug":"lyrikletter","status":"publish","type":"page","link":"https:\/\/boccaccio.cc\/de\/lyrikletter\/","title":{"rendered":"LyrikLetter"},"content":{"rendered":"<h1 style=\"text-align: center;\">LyrikLetter<\/h1>\n<p style=\"text-align: center;\"><strong>Gedichte aus neuen Lyrikb\u00e4nden \/ Powered by Boccaccio.cc und VOLLTEXT \/ Herausgegeben von Paul-Henri Campbell<\/strong><\/p>\n<p style=\"text-align: center;\"><script async src=\"https:\/\/subscribe-forms.beehiiv.com\/embed.js\"><\/script><iframe class=\"beehiiv-embed\" style=\"width: 450px; height: 60px; margin: 0; border-radius: 0px 0px 0px 0px !important; background-color: transparent; box-shadow: 0 0 #0000; max-width: 100%;\" src=\"https:\/\/subscribe-forms.beehiiv.com\/9d9c6bec-82e9-416a-adaf-3c5f3abd2951\" frameborder=\"0\" scrolling=\"no\" data-test-id=\"beehiiv-embed\"><\/iframe><\/p>\n<p>Der LyrikLetter stellt Gedichte aus aktuellen Lyrikb\u00e4nden vor. Aus der Vielzahl der Neuerscheinungen w\u00e4hlen wir zwischen hundert und zweihundert Gedichtb\u00e4nde pro Jahr aus, die wir durch einen exemplarischen Text dem Publikum vorstellen.<\/p>\n<p>Der LyrikLetter ist eine Kooperation der AutorInnen-Plattform Boccaccio.cc und der Literaturzeitschrift VOLLTEXT. Die redaktionelle Verantwortung liegt bei Paul-Henri Campbell.<\/p>\n<p>Sie m\u00f6chten einen Gedichtband vorschlagen? \u2013 Schicken Sie uns bitte eine Mail an lyrikletter@volltext.net.<\/p>\n<p>&nbsp;<\/p>\n<hr>\n<h2><strong>Bisher erschienen:<\/strong><\/h2>\n<p><strong><a href=\"https:\/\/boccaccio.cc\/de\/author\/sibylle-lewitscharoff\/dante-alighieri-paradiso-xxxi\/\">Sibylle Lewitscharoff: Dante Alighieri, Paradiso XXXI<\/a><\/strong><br>\nAus dem Band <em>Lectura Dantis<\/em><\/p>\n<p><strong><a href=\"https:\/\/boccaccio.cc\/de\/author\/bettina-balaka\/hafenstadt\/\">Bettina Bal\u00e0ka: Hafenstadt<\/a><\/strong><br>\nAus dem Band <em>Die gl\u00fccklichen Kinder der Gegenwart<\/em><\/p>\n<p><strong><a href=\"https:\/\/boccaccio.cc\/de\/author\/margit-heuss\/nachtrag\/\">Margit Heu\u00df: Nachtrag<\/a><\/strong><br>\nAus dem Gedichtband <em>Verschlissenes Idyll<\/em><\/p>\n<p><strong><a href=\"https:\/\/boccaccio.cc\/de\/author\/giovanni-pascoli\/tot-morto\/\">Giovanni Pascoli: tot | morto<\/a><\/strong><br>\nAus dem Gedichtband <em>Nester<\/em><\/p>\n<p><strong><a href=\"https:\/\/boccaccio.cc\/de\/author\/joerg-piringer\/o-t\/\">J\u00f6rg Piringer: O.T.<\/a><br>\n<\/strong>Aus dem Gedichtband <em>verbrenner<\/em><strong><br>\n<\/strong><\/p>\n<p><strong><a href=\"https:\/\/boccaccio.cc\/de\/author\/erika-kronabitter\/ablieben\/\">Erika Kronabitter: ablieben<\/a><\/strong><br>\nAus dem Gedichtband <em>Delfine vor Venedig<\/em><\/p>\n<p><strong><a href=\"https:\/\/boccaccio.cc\/de\/author\/jean-michel-maulpoix\/asche-des-begehrens-cendre-du-desir\/\">Jean-Michel Maulpoix: Asche des Begehrens | Cendre du d\u00e9sir<\/a><\/strong><br>\nAus dem Gedichtband <em>Der Garten unter dem Schnee<\/em><\/p>\n<p><strong><a href=\"https:\/\/boccaccio.cc\/de\/author\/lydia-haider\/naeher-zu-thee-hehr-beidltum\/\">Lydia Haider: N\u00e4her zu thee, hehr Beidltum<\/a><\/strong><br>\nAus dem Gedichtband <em>N\u00e4her zu thee, hehr Beidltum (\u00d6sterreich) \/ Closer to thou als Gott<\/em><\/p>\n<p><strong><a href=\"https:\/\/boccaccio.cc\/de\/author\/lars-gustafsson\/die-sechs-zeugen\/\">Lars Gustafsson: Die sechs Zeugen<\/a><\/strong><br>\nAus dem Gedichtband <em>Variationen \u00fcber ein Thema von Silfverstolpe<\/em><\/p>\n<p><strong><a href=\"https:\/\/boccaccio.cc\/de\/author\/patricia-brooks\/ilias-grill-and-coffee\/\">Patricia Brooks: Ilias Grill and Coffee<\/a><\/strong><br>\nAus dem Gedichtband <em>Lunapark<\/em><\/p>\n<p><strong><a href=\"https:\/\/boccaccio.cc\/de\/author\/jakub-ekier\/anrufung\/\">Jakub Ekier: anrufung<\/a><\/strong><br>\nAus dem Gedichtband <em>Auf dem Nachbargleis<\/em><\/p>\n<p><strong><a href=\"https:\/\/boccaccio.cc\/de\/author\/franz-fabianits\/ich-bin-dankbar\/\">Franz Fabianits: Ich bin dankbar<\/a><\/strong><br>\nAus dem Gedichtband <em>Ich erinnere mich<\/em><\/p>\n<p><strong><a href=\"https:\/\/boccaccio.cc\/de\/author\/samuel-kramer\/ohne-titel\/\">Samuel Kramer: [ohne Titel]<\/a><\/strong><br>\nAus dem Gedichtband <em>endlich regen<\/em><\/p>\n<p><strong><a href=\"https:\/\/boccaccio.cc\/de\/author\/kim-hyesoon\/wiegenlied\/\">Kim Hyesoon: Wiegenlied<\/a><\/strong><br>\nAus dem Gedichtband <em>Autobiographie des Todes<\/em><\/p>\n<p><strong><a href=\"https:\/\/boccaccio.cc\/de\/author\/jennifer-de-negri\/tiburon\/\">Jennifer de Negri: Tibur\u00f3n<\/a><\/strong><br>\nAus dem Gedichtband <em>reise nach BABYlon<\/em><\/p>\n<p><strong><a href=\"https:\/\/boccaccio.cc\/de\/author\/katharina-j-ferner\/salamanderin-8\/\">Katharina J. Ferner: salamanderin 8<\/a><\/strong><br>\nAus dem Gedichtband <em>salamanderin<\/em><\/p>\n<p><strong><a href=\"https:\/\/boccaccio.cc\/de\/author\/frieda-paris\/wann-sind-wir-da\/\">Frieda Paris: Wann sind wir da?<\/a><\/strong><br>\nAus dem Gedichtband <em>Nachwasser<\/em><\/p>\n<p><strong><a href=\"https:\/\/boccaccio.cc\/de\/author\/andreas-unterweger\/maison-de-verlaine\/\">Andreas Unterweger: Maison de Verlaine<\/a><\/strong><br>\nAus dem Gedichtband <em>Haus ohne T\u00fcren<\/em><\/p>\n<p><strong><a href=\"https:\/\/boccaccio.cc\/de\/author\/colm-toibin\/in-los-angeles\/\">Colm To\u0301ibi\u0301n: In Los Angeles<\/a><\/strong><br>\nAus dem Gedichtband <em>Vinegar Hill<\/em><\/p>\n<p><strong><a href=\"https:\/\/boccaccio.cc\/de\/author\/sebastian-schmidt\/list-of-beduerfnisse\/\">Sebastian Schmidt: List of Bed\u00fcrfnisse<\/a><\/strong><br>\nAus dem Gedichtband <em>abtauchen, egal<\/em><\/p>\n<p><strong><a href=\"https:\/\/boccaccio.cc\/de\/author\/verena-staufer\/sailing-the-situationship\/\">Verena Stauffer: Sailing the Situationship<\/a><\/strong><br>\nAus dem Gedichtband <em>Kiki Beach. Liebesgedichte<\/em><\/p>\n<p><strong><a href=\"https:\/\/boccaccio.cc\/de\/author\/martin-streitberger\/schief\/\">Martin Streitberger: schief<\/a><br>\n<\/strong>Aus dem Gedichtband <em>DunstLicht<\/em><\/p>\n<p><strong><a href=\"https:\/\/boccaccio.cc\/de\/author\/daniela-seel\/aus-nach-eden\/\">Daniela Seel: Nach Eden<\/a><\/strong><br>\nAus dem Gedichtband<em> Nach Eden<\/em><\/p>\n<p><strong><a href=\"https:\/\/boccaccio.cc\/de\/author\/janina-woelke\/in-der-stadt-kaufe-ich-postkarten\/\">Janin W\u00f6lke: In der Stadt kaufe ich Postkarten<\/a><\/strong><br>\nAus dem Gedichtband <em>unendlicher move<\/em><\/p>\n<p><strong><a href=\"https:\/\/boccaccio.cc\/de\/author\/dagmar-leupold\/kleinigkeiten\/\">Dagmar Leupold: Kleinigkeiten<\/a><\/strong><br>\nAus dem Gedichtband <em>Small Talk<\/em><\/p>\n<p><strong><a href=\"https:\/\/boccaccio.cc\/de\/author\/albert-c-eibl\/unterweisung-des-herzens\/\">Albert C. Eibel: Unterweisung des Herzens<\/a><\/strong><br>\nAus dem Gedichtband <em>Mond und Meereswoge<\/em><\/p>\n<p><strong><a href=\"https:\/\/boccaccio.cc\/de\/author\/luisa-famos\/gegen-abend-vers-saira\/\">Luisa Famos: Gegen Abend | Vers saira<\/a><\/strong><br>\nAus der Anthologie&nbsp; <em>Ein Seidenfaden zu den Tra\u0308umen<\/em><\/p>\n<p><strong><a href=\"https:\/\/boccaccio.cc\/de\/author\/moni-stanila\/15\/\">Moni Sta\u0306nila\u0306: #15<\/a><\/strong><br>\nAus dem Gedichtband <em>Metallische Igel<\/em><\/p>\n<p><strong><a href=\"https:\/\/boccaccio.cc\/de\/author\/lorena-pircher\/kalt\/\">Lorena Pircher: kalt<\/a><\/strong><br>\nAus dem Gedichtband <em>eure stimmen eure sprache<\/em><\/p>\n<p><strong><a href=\"https:\/\/boccaccio.cc\/de\/author\/greta-maria-pichler\/wuestentage\/\">Greta Maria Pichler: wu\u0308stentage<\/a><\/strong><br>\nAus dem Gedichtband <em>Salzwasser<\/em><\/p>\n<p><strong><a href=\"https:\/\/boccaccio.cc\/de\/author\/michael-stavaric\/spuren\/\">Michael Stavaric\u030c: sp\u00fcren<\/a><\/strong><br>\nAus dem Gedichtband <em>sp\u00fcren <\/em><\/p>\n<p><strong><a href=\"https:\/\/boccaccio.cc\/de\/author\/ulrich-koch\/schattenabrechnung\/\">Ulrich Koch: Schattenabrechnung<\/a><\/strong><br>\nAus dem Gedichtband <em>Letzte Hilfe Kurs<\/em><\/p>\n<p>&nbsp;<\/p>\n","protected":false},"excerpt":{"rendered":"<p>LyrikLetter Gedichte aus neuen Lyrikb\u00e4nden \/ Powered by Boccaccio.cc und VOLLTEXT \/ Herausgegeben von Paul-Henri Campbell Der LyrikLetter stellt Gedichte aus aktuellen Lyrikb\u00e4nden vor. Aus der Vielzahl der Neuerscheinungen w\u00e4hlen wir zwischen hundert und zweihundert Gedichtb\u00e4nde pro Jahr aus, die wir durch einen exemplarischen Text dem Publikum vorstellen. Der LyrikLetter ist eine Kooperation der AutorInnen-Plattform [\u2026]<\/p>\n","protected":false},"author":2,"featured_media":0,"parent":0,"menu_order":0,"comment_status":"closed","ping_status":"closed","template":"","meta":{"_acf_changed":false,"give_campaign_id":0,"wp_typography_post_enhancements_disabled":false,"footnotes":""},"class_list":["post-4105","page","type-page","status-publish","hentry"],"acf":[],"campaignId":"","_links":{"self":[{"href":"https:\/\/boccaccio.cc\/de\/wp-json\/wp\/v2\/pages\/4105","targetHints":{"allow":["GET"]}}],"collection":[{"href":"https:\/\/boccaccio.cc\/de\/wp-json\/wp\/v2\/pages"}],"about":[{"href":"https:\/\/boccaccio.cc\/de\/wp-json\/wp\/v2\/types\/page"}],"author":[{"embeddable":true,"href":"https:\/\/boccaccio.cc\/de\/wp-json\/wp\/v2\/users\/2"}],"replies":[{"embeddable":true,"href":"https:\/\/boccaccio.cc\/de\/wp-json\/wp\/v2\/comments?post=4105"}],"version-history":[{"count":82,"href":"https:\/\/boccaccio.cc\/de\/wp-json\/wp\/v2\/pages\/4105\/revisions"}],"predecessor-version":[{"id":5009,"href":"https:\/\/boccaccio.cc\/de\/wp-json\/wp\/v2\/pages\/4105\/revisions\/5009"}],"wp:attachment":[{"href":"https:\/\/boccaccio.cc\/de\/wp-json\/wp\/v2\/media?parent=4105"}],"curies":[{"name":"wp","href":"https:\/\/api.w.org\/{rel}","templated":true}]}}