{"id":4227,"date":"2025-02-02T22:34:23","date_gmt":"2025-02-02T22:34:23","guid":{"rendered":"https:\/\/boccaccio.cc\/de\/?page_id=4227"},"modified":"2025-04-23T11:52:35","modified_gmt":"2025-04-23T11:52:35","slug":"die-beste-erzaehlung-2024","status":"publish","type":"page","link":"https:\/\/boccaccio.cc\/de\/die-beste-erzaehlung-2024\/","title":{"rendered":"Die beste Erz\u00e4hlung 2024"},"content":{"rendered":"<h1>Natascha Wodin erh\u00e4lt den \u201eBoccaccio.cc-Preis f\u00fcr die beste Erz\u00e4hlung des Jahres\u201c<\/h1>\n<p>&nbsp;<\/p>\n<p><strong>Natascha Wodin<\/strong> wird f\u00fcr ihre Erz\u00e4hlung <a href=\"https:\/\/boccaccio.cc\/de\/author\/natascha-wodin\/nachbarinnen\/\">\u201eNachbarinnen\u201c <\/a>mit dem erstmals vergebenen Preis der Literaturplattform Boccaccio.cc f\u00fcr die beste Erz\u00e4hlung des Jahres ausgezeichnet.<\/p>\n<p>Die Jury, bestehend aus <strong>Antje R\u00e1vik Strubel, Julia Franck, Thomas Stangl<\/strong> und <strong>Tonio Schachinger,<\/strong> hat die Erz\u00e4hlung aus einer hochkar\u00e4tigen, zehn Titel umfassenden Shortlist ausgew\u00e4hlt, die von der Redaktion der Literaturzeitschrift <em>VOLLTEXT<\/em> auf Basis von insgesamt mehr als tausend eingesandten Texten erstellt wurde.<\/p>\n<p>F\u00fcr den Preis kamen Erz\u00e4hlungen und andere kurze Prosaformate in Frage, die zwischen 1. November 2023 und 31. Oktober 2024 in Erz\u00e4hlb\u00e4nden, Literaturzeitschriften oder auf literarischen Websites publiziert worden sind. Die pr\u00e4mierte Erz\u00e4hlung stammt aus Natascha Wodins bei Rowohlt erschienenem Band <em>Der Fluss und das Meer.<\/em><\/p>\n<p>Der \u201eBoccaccio.cc-Preis f\u00fcr die beste Erz\u00e4hlung des Jahres\u201c ist mit 10.000 Euro dotiert und wird k\u00fcnftig j\u00e4hrlich vergeben. Ziel des Preises ist es, die Aufmerksamkeit auf die Gattung der Erz\u00e4hlung zu lenken, die im deutschen Sprachraum einen unverdient schweren Stand hat und vom Buchmarkt h\u00e4ufig \u00fcbersehen wird. Der Prozess der Nominierung ist prinzipiell f\u00fcr alle Interessierten offen, insbesondere Verlage und Autoren\/Autorinnen sind eingeladen, preisw\u00fcrdige Texte vorzuschlagen.<\/p>\n<p><strong>\u00dcber Natascha Wodin<br>\n<\/strong>Natascha Wodin, 1945 als Kind sowjetischer Zwangsarbeiter in F\u00fcrth\/Bayern geboren, wuchs erst in deutschen DP-Lagern, dann, nach dem fr\u00fchen Tod der Mutter, in einem katholischen M\u00e4dchenheim auf. Auf ihr Romandeb\u00fct <em>Die gl\u00e4serne Stadt<\/em>, das 1983 erschien, folgten zahlreiche Ver\u00f6ffentlichungen, darunter die Romane <em>Nachtgeschwister<\/em> und <em>Irgendwo in diesem Dunkel<\/em><em>.<br>\n<\/em>Ihr Werk wurde unter anderem mit dem Hermann-Hesse-Preis, dem Br\u00fcder-Grimm-Preis und dem Adelbert-von-Chamisso-Preis ausgezeichnet, f\u00fcr <em>Sie kam aus Mariupol<\/em> wurden ihr der Alfred-D\u00f6blin-Preis, der Preis der Leipziger Buchmesse und der Hilde-Domin-Preis f\u00fcr Literatur im Exil 2019 verliehen. 2022 wurde sie mit dem Joseph-Breitbach-Preis f\u00fcr ihr Gesamtwerk ausgezeichnet. Natascha Wodin lebt in Berlin und Mecklenburg.<\/p>\n<p>&nbsp;<\/p>\n<p><em>Gef\u00f6rdert von der Stadt Wien Kultur.&nbsp;<\/em><\/p>\n<p>&nbsp;<\/p>\n","protected":false},"excerpt":{"rendered":"<p>Natascha Wodin erh\u00e4lt den \u201eBoccaccio.cc-Preis f\u00fcr die beste Erz\u00e4hlung des Jahres\u201c &nbsp; Natascha Wodin wird f\u00fcr ihre Erz\u00e4hlung \u201eNachbarinnen\u201c mit dem erstmals vergebenen Preis der Literaturplattform Boccaccio.cc f\u00fcr die beste Erz\u00e4hlung des Jahres ausgezeichnet. Die Jury, bestehend aus Antje R\u00e1vik Strubel, Julia Franck, Thomas Stangl und Tonio Schachinger, hat die Erz\u00e4hlung aus einer hochkar\u00e4tigen, zehn [\u2026]<\/p>\n","protected":false},"author":2,"featured_media":0,"parent":0,"menu_order":0,"comment_status":"closed","ping_status":"closed","template":"","meta":{"_acf_changed":false,"give_campaign_id":0,"wp_typography_post_enhancements_disabled":false,"footnotes":""},"class_list":["post-4227","page","type-page","status-publish","hentry"],"acf":[],"campaignId":"","_links":{"self":[{"href":"https:\/\/boccaccio.cc\/de\/wp-json\/wp\/v2\/pages\/4227","targetHints":{"allow":["GET"]}}],"collection":[{"href":"https:\/\/boccaccio.cc\/de\/wp-json\/wp\/v2\/pages"}],"about":[{"href":"https:\/\/boccaccio.cc\/de\/wp-json\/wp\/v2\/types\/page"}],"author":[{"embeddable":true,"href":"https:\/\/boccaccio.cc\/de\/wp-json\/wp\/v2\/users\/2"}],"replies":[{"embeddable":true,"href":"https:\/\/boccaccio.cc\/de\/wp-json\/wp\/v2\/comments?post=4227"}],"version-history":[{"count":9,"href":"https:\/\/boccaccio.cc\/de\/wp-json\/wp\/v2\/pages\/4227\/revisions"}],"predecessor-version":[{"id":5302,"href":"https:\/\/boccaccio.cc\/de\/wp-json\/wp\/v2\/pages\/4227\/revisions\/5302"}],"wp:attachment":[{"href":"https:\/\/boccaccio.cc\/de\/wp-json\/wp\/v2\/media?parent=4227"}],"curies":[{"name":"wp","href":"https:\/\/api.w.org\/{rel}","templated":true}]}}