{"id":5223,"date":"2025-12-08T13:51:40","date_gmt":"2025-12-08T13:51:40","guid":{"rendered":"https:\/\/boccaccio.cc\/de\/?page_id=5223"},"modified":"2025-12-10T22:27:39","modified_gmt":"2025-12-10T22:27:39","slug":"die-besten-erzaehlungen-2025","status":"publish","type":"page","link":"https:\/\/boccaccio.cc\/de\/die-besten-erzaehlungen-2025\/","title":{"rendered":"Die besten Erz\u00e4hlungen 2025"},"content":{"rendered":"<h1 style=\"text-align: center;\"><strong>Boccaccio.cc-Preis 2025:<br>\nDie Shortlist<\/strong><\/h1>\n<p>&nbsp;<\/p>\n<p>Die Shortlist des zum zweiten Mal ausgeschriebenen \u201eBoccaccio.cc-Preises f\u00fcr die beste Erz\u00e4hlung des Jahres\u201c steht fest. Mehr als tausend Texte von rund siebenhundert Autorinnen und Autoren aus dem gesamten deutschen Sprachraum wurden nominiert, zehn Texte von Yannic Han Biao Federer, Simon Froehling, Sabine Gruber, Monika Helfer, Helmut Krausser, Susanne Neuffer, Verena Ro\u00dfbacher, Ralf Rothmann, Peter Stamm und Anna Weidenholzer wurden schlie\u00dflich f\u00fcr die Shortlist ausgew\u00e4hlt und werden in VOLLTEXT 4\/2025 abgedruckt. Der Preistr\u00e4ger oder die Preistr\u00e4gerin wird Anfang kommenden Jahres gek\u00fcrt.<\/p>\n<p><em><strong>Die Shortlist des Boccaccio.cc-Preises f\u00fcr die \u201eBeste Erz\u00e4hlung des Jahres\u201c:<br>\n<\/strong><\/em><\/p>\n<p><strong>Alles wieder gut<\/strong><br>\nVon Yannic Han Biao Federer<\/p>\n<p><strong>Sagen k\u00f6nnen<\/strong><br>\nVon Simon Froehling<\/p>\n<p><strong>Zulln<\/strong><br>\nVon Sabine Gruber<\/p>\n<p><strong>Sie wollten sich trennen<\/strong><br>\nVon Monika Helfer<\/p>\n<p><strong>Die beste Aussicht<\/strong><br>\nVon Helmut Krausser<\/p>\n<p><strong>Recherche<\/strong><br>\nVon Susanne Neuffer<\/p>\n<p><strong>Ein Mann und Vater<\/strong><br>\nVon Verena Ro\u00dfbacher<\/p>\n<p><strong>Engel auf Kr\u00fccken<\/strong><br>\nVon Ralf Rothmann<\/p>\n<p><strong>Mars<\/strong><br>\nVon Peter Stamm<\/p>\n<p><strong>In der kleinen Eisenbahn<\/strong><br>\nVon Anna Weidenholzer<\/p>\n<p style=\"text-align: center;\">* * * * *<\/p>\n<p>Der Boccaccio-cc-Preis wird gro\u00dfz\u00fcgig unterst\u00fctzt von der <a href=\"http:\/\/text-manufaktur.de\">Textmanufaktur<\/a>, dem <a href=\"http:\/\/korrekturverlag.com\">Korrektur Verlag<\/a>&nbsp;und der Kulturabteilung der Stadt Wien.<\/p>\n<p>&nbsp;<\/p>\n<p><a href=\"http:\/\/text-manufaktur.de\"><img decoding=\"async\" class=\"alignleft wp-image-4909\" src=\"https:\/\/boccaccio.cc\/de\/wp-content\/uploads\/sites\/2\/2025\/09\/TM_Bildmarke_schriftzug_farbe.jpg\" alt=\"Textmanufaktur\" width=\"300\" height=\"49\" srcset=\"https:\/\/boccaccio.cc\/de\/wp-content\/uploads\/sites\/2\/2025\/09\/TM_Bildmarke_schriftzug_farbe.jpg 1177w, https:\/\/boccaccio.cc\/de\/wp-content\/uploads\/sites\/2\/2025\/09\/TM_Bildmarke_schriftzug_farbe-300x49.jpg 300w, https:\/\/boccaccio.cc\/de\/wp-content\/uploads\/sites\/2\/2025\/09\/TM_Bildmarke_schriftzug_farbe-1030x168.jpg 1030w, https:\/\/boccaccio.cc\/de\/wp-content\/uploads\/sites\/2\/2025\/09\/TM_Bildmarke_schriftzug_farbe-768x125.jpg 768w, https:\/\/boccaccio.cc\/de\/wp-content\/uploads\/sites\/2\/2025\/09\/TM_Bildmarke_schriftzug_farbe-705x115.jpg 705w, https:\/\/boccaccio.cc\/de\/wp-content\/uploads\/sites\/2\/2025\/09\/TM_Bildmarke_schriftzug_farbe-450x73.jpg 450w, https:\/\/boccaccio.cc\/de\/wp-content\/uploads\/sites\/2\/2025\/09\/TM_Bildmarke_schriftzug_farbe-600x98.jpg 600w\" sizes=\"(max-width: 300px) 100vw, 300px\"><\/a><\/p>\n<p>&nbsp;<\/p>\n<p>&nbsp;<\/p>\n<p><a href=\"http:\/\/korrekturverlag.com\"><img decoding=\"async\" class=\"wp-image-4913 alignnone\" src=\"https:\/\/boccaccio.cc\/de\/wp-content\/uploads\/sites\/2\/2025\/09\/korrekturverlag-logo.jpg\" alt=\"Korrektur Verlag\" width=\"200\" height=\"70\"><\/a><\/p>\n<p><img decoding=\"async\" class=\"alignnone wp-image-5243\" src=\"https:\/\/boccaccio.cc\/de\/wp-content\/uploads\/sites\/2\/2025\/12\/Stadt_Wien_Kultur_pos_rgb-300x86.jpg\" alt width=\"300\" height=\"86\"><\/p>\n<p><img decoding=\"async\" class=\"alignnone wp-image-5246\" src=\"https:\/\/boccaccio.cc\/de\/wp-content\/uploads\/sites\/2\/2025\/12\/OGL_Logo_220211-300x106.jpg\" alt width=\"300\" height=\"106\" srcset=\"https:\/\/boccaccio.cc\/de\/wp-content\/uploads\/sites\/2\/2025\/12\/OGL_Logo_220211-300x106.jpg 300w, https:\/\/boccaccio.cc\/de\/wp-content\/uploads\/sites\/2\/2025\/12\/OGL_Logo_220211-450x158.jpg 450w, https:\/\/boccaccio.cc\/de\/wp-content\/uploads\/sites\/2\/2025\/12\/OGL_Logo_220211-600x211.jpg 600w, https:\/\/boccaccio.cc\/de\/wp-content\/uploads\/sites\/2\/2025\/12\/OGL_Logo_220211.jpg 662w\" sizes=\"(max-width: 300px) 100vw, 300px\"><\/p>\n","protected":false},"excerpt":{"rendered":"<p>Boccaccio.cc-Preis 2025: Die Shortlist &nbsp; Die Shortlist des zum zweiten Mal ausgeschriebenen \u201eBoccaccio.cc-Preises f\u00fcr die beste Erz\u00e4hlung des Jahres\u201c steht fest. Mehr als tausend Texte von rund siebenhundert Autorinnen und Autoren aus dem gesamten deutschen Sprachraum wurden nominiert, zehn Texte von Yannic Han Biao Federer, Simon Froehling, Sabine Gruber, Monika Helfer, Helmut Krausser, Susanne Neuffer, [\u2026]<\/p>\n","protected":false},"author":2,"featured_media":0,"parent":0,"menu_order":0,"comment_status":"closed","ping_status":"closed","template":"","meta":{"_acf_changed":false,"give_campaign_id":0,"wp_typography_post_enhancements_disabled":false,"footnotes":""},"class_list":["post-5223","page","type-page","status-publish","hentry"],"acf":[],"campaignId":"","_links":{"self":[{"href":"https:\/\/boccaccio.cc\/de\/wp-json\/wp\/v2\/pages\/5223","targetHints":{"allow":["GET"]}}],"collection":[{"href":"https:\/\/boccaccio.cc\/de\/wp-json\/wp\/v2\/pages"}],"about":[{"href":"https:\/\/boccaccio.cc\/de\/wp-json\/wp\/v2\/types\/page"}],"author":[{"embeddable":true,"href":"https:\/\/boccaccio.cc\/de\/wp-json\/wp\/v2\/users\/2"}],"replies":[{"embeddable":true,"href":"https:\/\/boccaccio.cc\/de\/wp-json\/wp\/v2\/comments?post=5223"}],"version-history":[{"count":10,"href":"https:\/\/boccaccio.cc\/de\/wp-json\/wp\/v2\/pages\/5223\/revisions"}],"predecessor-version":[{"id":5269,"href":"https:\/\/boccaccio.cc\/de\/wp-json\/wp\/v2\/pages\/5223\/revisions\/5269"}],"wp:attachment":[{"href":"https:\/\/boccaccio.cc\/de\/wp-json\/wp\/v2\/media?parent=5223"}],"curies":[{"name":"wp","href":"https:\/\/api.w.org\/{rel}","templated":true}]}}