{"id":5261,"date":"2026-01-29T16:59:03","date_gmt":"2026-01-29T16:59:03","guid":{"rendered":"https:\/\/boccaccio.cc\/de\/?page_id=5261"},"modified":"2026-03-29T20:59:58","modified_gmt":"2026-03-29T20:59:58","slug":"die-beste-erzaehlung-2025","status":"publish","type":"page","link":"https:\/\/boccaccio.cc\/de\/die-beste-erzaehlung-2025\/","title":{"rendered":"Die beste Erz\u00e4hlung 2025"},"content":{"rendered":"<h1>Monika Helfer erh\u00e4lt den \u201eBoccaccio.cc-Preis f\u00fcr die beste Erz\u00e4hlung des Jahres\u201c<\/h1>\n<p>&nbsp;<\/p>\n<p>Monika Helfer wird f\u00fcr ihre Erz\u00e4hlung <a href=\"https:\/\/boccaccio.cc\/de\/author\/monika-helfer\/sie-wollten-sich-trennen\/\">\u201eSie wollten sich trennen\u201c<\/a> mit dem zum zweiten Mal vergebenen Preis der Literaturplattform Boccaccio.cc f\u00fcr die beste Erz\u00e4hlung des Jahres ausgezeichnet.<\/p>\n<p>Die Jury, bestehend aus Julia Schoch, Thomas Stangl und Dana Grigorcea, hat die Erz\u00e4hlung aus einer zehn Titel umfassenden <a href=\"https:\/\/boccaccio.cc\/de\/die-besten-erzaehlungen-2025\/\">Shortlist<\/a> ausgew\u00e4hlt, die von der VOLLTEXT-Redaktion auf Basis von insgesamt mehr als tausend eingesandten Texten erstellt wurde. Die Texte der Shortlist und die preisgekr\u00f6nte Erz\u00e4hlung von Monika Helfer sind in <a href=\"https:\/\/volltext.net\/produkt\/volltext-4-2025\/\">VOLLTEXT 4\/2025<\/a> enthalten.<\/p>\n<div id=\"attachment_5262\" style=\"width: 620px\" class=\"wp-caption aligncenter\"><img decoding=\"async\" aria-describedby=\"caption-attachment-5262\" class=\"wp-image-5262\" src=\"https:\/\/boccaccio.cc\/de\/wp-content\/uploads\/sites\/2\/2026\/01\/monika-helfer-c-salvatore-vinci_hf-300x172.jpg\" alt=\"Monika Helfer. Foto: \u00a9 Salvatore Vinci\" width=\"610\" height=\"350\" srcset=\"https:\/\/boccaccio.cc\/de\/wp-content\/uploads\/sites\/2\/2026\/01\/monika-helfer-c-salvatore-vinci_hf-300x172.jpg 300w, https:\/\/boccaccio.cc\/de\/wp-content\/uploads\/sites\/2\/2026\/01\/monika-helfer-c-salvatore-vinci_hf-450x258.jpg 450w, https:\/\/boccaccio.cc\/de\/wp-content\/uploads\/sites\/2\/2026\/01\/monika-helfer-c-salvatore-vinci_hf-600x344.jpg 600w, https:\/\/boccaccio.cc\/de\/wp-content\/uploads\/sites\/2\/2026\/01\/monika-helfer-c-salvatore-vinci_hf.jpg 610w\" sizes=\"(max-width: 610px) 100vw, 610px\"><p id=\"caption-attachment-5262\" class=\"wp-caption-text\">Boccaccio.cc-Preistr\u00e4gerin Monika Helfer. Foto: Salvatore Vinci<\/p><\/div>\n<p>F\u00fcr den Preis kamen Erz\u00e4hlungen und andere kurze Prosaformate in Frage, die zwischen 1. November 2024 und 31. Oktober 2025 in Erz\u00e4hlb\u00e4nden, Literaturzeitschriften oder auf literarischen Websites publiziert worden sind. Monika Helfers pr\u00e4mierte Erz\u00e4hlung stammt aus der Zeitschrift \u201eMiromente\u201c.<\/p>\n<p>Die Preisverleihung findet am 25. M\u00e4rz in Wien in der <a href=\"https:\/\/www.ogl.at\/home\/\">\u00d6sterreichischen Gesellschaft f\u00fcr Literatur<\/a> statt. Die Laudatio h\u00e4lt die Literaturkritikerin Anne-Catherine Simon <em>(Die Presse).<\/em><\/p>\n<p style=\"text-align: center;\">* * *<\/p>\n<p style=\"text-align: left;\"><strong>\u00dcber Monika Helfer<\/strong><br>\nMonika Helfer, 1947 in Au\/Bregenzerwald geboren, lebt in Vorarlberg und Wien. Sie hat zahlreiche Romane, Erz\u00e4hlungen und Kinderb\u00fccher ver\u00f6ffentlicht. F\u00fcr ihre Arbeiten wurde sie unter anderem mit dem \u00d6sterreichischen W\u00fcrdigungspreis f\u00fcr Literatur, dem Solothurner Literaturpreis, dem Johann-Peter-Hebel-Preis und dem Bruno-Kreisky-Preis f\u00fcr das politische Buch ausgezeichnet. Zuletzt erschienen u.a. die Romane <em>Vati<\/em> (Hanser, 2021), <em>L\u00f6wenherz<\/em> (Hanser, 2022) und <em>Die Jungfrau<\/em> (Hanser, 2023), die Erz\u00e4hlb\u00e4nde <em>Bettgeschichten und andere<\/em> (Bahoe Books, 2022), <em>Wie die Welt weiterging<\/em> (Hanser, 2024), die Erz\u00e4hlung <em>Der B\u00fccherfreund<\/em> (Hanser, 2025) sowie das gemeinsam mit Michael K\u00f6hlmeier verfasste St\u00fcck <em>Praterstern<\/em>&nbsp;(Braum\u00fcller, 2025).<\/p>\n<p><strong>\u00dcber den Preis<\/strong><br>\nDer \u201eBoccaccio.cc-Preis f\u00fcr die beste Erz\u00e4hlung des Jahres\u201c ist mit 10.000 Euro dotiert und wird j\u00e4hrlich vergeben. Die erste Preistr\u00e4gerin im vergangenen Jahr war Natascha Wodin, die f\u00fcr ihren Text <a href=\"https:\/\/boccaccio.cc\/de\/author\/natascha-wodin\/nachbarinnen\/\">\u201eNachbarinnen\u201c<\/a> ausgezeichnet wurde. Ziel des Preises ist es, die Aufmerksamkeit auf die Gattung der Erz\u00e4hlung zu lenken, die im deutschen Sprachraum einen unverdient schweren Stand hat und vom Buchmarkt h\u00e4ufig \u00fcbersehen wird.<\/p>\n<p style=\"text-align: center;\">* * * * *<\/p>\n<p>Der Boccaccio-cc-Preis wird gro\u00dfz\u00fcgig unterst\u00fctzt von der <a href=\"http:\/\/text-manufaktur.de\">Textmanufaktur<\/a>, dem <a href=\"http:\/\/korrekturverlag.com\">Korrektur Verlag<\/a>&nbsp;und der Kulturabteilung der Stadt Wien.<\/p>\n<p><a href=\"http:\/\/text-manufaktur.de\"><img decoding=\"async\" class=\"alignleft wp-image-4909\" src=\"https:\/\/boccaccio.cc\/de\/wp-content\/uploads\/sites\/2\/2025\/09\/TM_Bildmarke_schriftzug_farbe.jpg\" alt=\"Textmanufaktur\" width=\"300\" height=\"49\" srcset=\"https:\/\/boccaccio.cc\/de\/wp-content\/uploads\/sites\/2\/2025\/09\/TM_Bildmarke_schriftzug_farbe.jpg 1177w, https:\/\/boccaccio.cc\/de\/wp-content\/uploads\/sites\/2\/2025\/09\/TM_Bildmarke_schriftzug_farbe-300x49.jpg 300w, https:\/\/boccaccio.cc\/de\/wp-content\/uploads\/sites\/2\/2025\/09\/TM_Bildmarke_schriftzug_farbe-1030x168.jpg 1030w, https:\/\/boccaccio.cc\/de\/wp-content\/uploads\/sites\/2\/2025\/09\/TM_Bildmarke_schriftzug_farbe-768x125.jpg 768w, https:\/\/boccaccio.cc\/de\/wp-content\/uploads\/sites\/2\/2025\/09\/TM_Bildmarke_schriftzug_farbe-705x115.jpg 705w, https:\/\/boccaccio.cc\/de\/wp-content\/uploads\/sites\/2\/2025\/09\/TM_Bildmarke_schriftzug_farbe-450x73.jpg 450w, https:\/\/boccaccio.cc\/de\/wp-content\/uploads\/sites\/2\/2025\/09\/TM_Bildmarke_schriftzug_farbe-600x98.jpg 600w\" sizes=\"(max-width: 300px) 100vw, 300px\"><\/a><\/p>\n<p>&nbsp;<\/p>\n<p>&nbsp;<\/p>\n<p><a href=\"http:\/\/korrekturverlag.com\"><img decoding=\"async\" class=\"wp-image-4913 alignnone\" src=\"https:\/\/boccaccio.cc\/de\/wp-content\/uploads\/sites\/2\/2025\/09\/korrekturverlag-logo.jpg\" alt=\"Korrektur Verlag\" width=\"200\" height=\"70\"><\/a><\/p>\n<p><img decoding=\"async\" class=\"alignnone wp-image-5243\" src=\"https:\/\/boccaccio.cc\/de\/wp-content\/uploads\/sites\/2\/2025\/12\/Stadt_Wien_Kultur_pos_rgb-300x86.jpg\" alt width=\"300\" height=\"86\"><\/p>\n<p><img decoding=\"async\" class=\"alignnone wp-image-5246\" src=\"https:\/\/boccaccio.cc\/de\/wp-content\/uploads\/sites\/2\/2025\/12\/OGL_Logo_220211-300x106.jpg\" alt width=\"300\" height=\"106\" srcset=\"https:\/\/boccaccio.cc\/de\/wp-content\/uploads\/sites\/2\/2025\/12\/OGL_Logo_220211-300x106.jpg 300w, https:\/\/boccaccio.cc\/de\/wp-content\/uploads\/sites\/2\/2025\/12\/OGL_Logo_220211-450x158.jpg 450w, https:\/\/boccaccio.cc\/de\/wp-content\/uploads\/sites\/2\/2025\/12\/OGL_Logo_220211-600x211.jpg 600w, https:\/\/boccaccio.cc\/de\/wp-content\/uploads\/sites\/2\/2025\/12\/OGL_Logo_220211.jpg 662w\" sizes=\"(max-width: 300px) 100vw, 300px\"><\/p>\n","protected":false},"excerpt":{"rendered":"<p>Monika Helfer erh\u00e4lt den \u201eBoccaccio.cc-Preis f\u00fcr die beste Erz\u00e4hlung des Jahres\u201c &nbsp; Monika Helfer wird f\u00fcr ihre Erz\u00e4hlung \u201eSie wollten sich trennen\u201c mit dem zum zweiten Mal vergebenen Preis der Literaturplattform Boccaccio.cc f\u00fcr die beste Erz\u00e4hlung des Jahres ausgezeichnet. Die Jury, bestehend aus Julia Schoch, Thomas Stangl und Dana Grigorcea, hat die Erz\u00e4hlung aus einer [\u2026]<\/p>\n","protected":false},"author":2,"featured_media":0,"parent":0,"menu_order":0,"comment_status":"closed","ping_status":"closed","template":"","meta":{"_acf_changed":false,"give_campaign_id":0,"wp_typography_post_enhancements_disabled":false,"footnotes":""},"class_list":["post-5261","page","type-page","status-publish","hentry"],"acf":[],"campaignId":"","_links":{"self":[{"href":"https:\/\/boccaccio.cc\/de\/wp-json\/wp\/v2\/pages\/5261","targetHints":{"allow":["GET"]}}],"collection":[{"href":"https:\/\/boccaccio.cc\/de\/wp-json\/wp\/v2\/pages"}],"about":[{"href":"https:\/\/boccaccio.cc\/de\/wp-json\/wp\/v2\/types\/page"}],"author":[{"embeddable":true,"href":"https:\/\/boccaccio.cc\/de\/wp-json\/wp\/v2\/users\/2"}],"replies":[{"embeddable":true,"href":"https:\/\/boccaccio.cc\/de\/wp-json\/wp\/v2\/comments?post=5261"}],"version-history":[{"count":11,"href":"https:\/\/boccaccio.cc\/de\/wp-json\/wp\/v2\/pages\/5261\/revisions"}],"predecessor-version":[{"id":5430,"href":"https:\/\/boccaccio.cc\/de\/wp-json\/wp\/v2\/pages\/5261\/revisions\/5430"}],"wp:attachment":[{"href":"https:\/\/boccaccio.cc\/de\/wp-json\/wp\/v2\/media?parent=5261"}],"curies":[{"name":"wp","href":"https:\/\/api.w.org\/{rel}","templated":true}]}}