{"id":5414,"date":"2026-03-29T20:31:10","date_gmt":"2026-03-29T20:31:10","guid":{"rendered":"https:\/\/boccaccio.cc\/de\/?page_id=5414"},"modified":"2026-03-29T21:10:40","modified_gmt":"2026-03-29T21:10:40","slug":"die-beste-erzaehlung-2025-preisverleihung","status":"publish","type":"page","link":"https:\/\/boccaccio.cc\/de\/die-beste-erzaehlung-2025-preisverleihung\/","title":{"rendered":"Die beste Erz\u00e4hlung 2025 \u2013 Preisverleihung"},"content":{"rendered":"<h1>Boccaccio.cc\u2013Preis f\u00fcr die beste Erz\u00e4hlung des Jahres an Monika Helfer \u00fcberreicht<\/h1>\n<div id=\"attachment_5418\" style=\"width: 810px\" class=\"wp-caption alignnone\"><img decoding=\"async\" aria-describedby=\"caption-attachment-5418\" class=\"wp-image-5418 size-full\" src=\"https:\/\/boccaccio.cc\/de\/wp-content\/uploads\/sites\/2\/2026\/03\/monika-helfer-c-oegfl.jpg\" alt=\"Monika Helfer in der \u00d6sterreichischen Gesellschaft f\u00fcr Literatur. Foto \u00a9 \u00d6GfL\" width=\"800\" height=\"533\" srcset=\"https:\/\/boccaccio.cc\/de\/wp-content\/uploads\/sites\/2\/2026\/03\/monika-helfer-c-oegfl.jpg 800w, https:\/\/boccaccio.cc\/de\/wp-content\/uploads\/sites\/2\/2026\/03\/monika-helfer-c-oegfl-300x200.jpg 300w, https:\/\/boccaccio.cc\/de\/wp-content\/uploads\/sites\/2\/2026\/03\/monika-helfer-c-oegfl-768x512.jpg 768w, https:\/\/boccaccio.cc\/de\/wp-content\/uploads\/sites\/2\/2026\/03\/monika-helfer-c-oegfl-705x470.jpg 705w, https:\/\/boccaccio.cc\/de\/wp-content\/uploads\/sites\/2\/2026\/03\/monika-helfer-c-oegfl-450x300.jpg 450w, https:\/\/boccaccio.cc\/de\/wp-content\/uploads\/sites\/2\/2026\/03\/monika-helfer-c-oegfl-600x400.jpg 600w\" sizes=\"(max-width: 800px) 100vw, 800px\"><p id=\"caption-attachment-5418\" class=\"wp-caption-text\">Monika Helfer in der \u00d6sterreichischen Gesellschaft f\u00fcr Literatur. Foto: \u00d6GfL<\/p><\/div>\n<p>Die \u00f6sterreichische Schriftstellerin Monika Helfer wurde am 25. M\u00e4rz 2026 in der \u00d6sterreichischen Gesellschaft f\u00fcr Literatur in Wien mit dem \u201eBoccaccio.cc-Preis f\u00fcr die beste Erz\u00e4hlung des Jahres\u201c ausgezeichnet.<\/p>\n<p>Die Erz\u00e4hlung <a href=\"https:\/\/boccaccio.cc\/de\/author\/monika-helfer\/sie-wollten-sich-trennen\/\">\u201eSie wollten sich trennen\u201c<\/a> wurde von der Jury, bestehend aus Dana Grigorcea, Julia Schoch und Thomas Stangl, aus einer zehn Titel umfassenden Shortlist ausgew\u00e4hlt, die von der Vorjury auf Basis von \u00fcber tausend eingesandten Texten erstellt wurde.<\/p>\n<p>Die Journalistin Anne-Catherine Simon lobte in ihrer Laudatio den unverwechselbaren Helfer-Sound als einen \u201eGleichklang von menschlicher und literarischer Feinheit, Zartheit und Zugewandtheit. Damit zu tun hat auch die F\u00e4higkeit, zu entbl\u00f6\u00dfen, oft schockierend zu entbl\u00f6\u00dfen, ohne je blo\u00dfzustellen. Menschenfreundlichkeit ist zwar keine k\u00fcnstlerische Kategorie \u2013 es gibt gro\u00dfartige misanthrope K\u00fcnstler \u2013 aber wenn beides, die menschliche und k\u00fcnstlerische Feinheit, zusammenkommt, dann ist das ein doppelter Gl\u00fccksfall. Und ein wesentlicher Grund, warum so viele Menschen B\u00fccher von Monika Helfer lieben.\u201c<\/p>\n<p>Die Wiener Kulturstadtr\u00e4tin Veronika Kaup-Hasler hob in ihrer Ansprache die \u201eganz andere Pr\u00e4zision und Kompaktheit der vermeintlich kleinen Form\u201c hervor, die neben den volumin\u00f6sen Bestsellern oft untergehe und daher umso mehr den Einsatz der Zeitschriften und unabh\u00e4ngigen Verlage brauche, um ihr Publikum zu finden.<\/p>\n<p><strong>\u00dcber Monika Helfer<\/strong><br>\nMonika Helfer, 1947 in Au\/Bregenzerwald geboren, lebt in Vorarlberg und Wien. Sie hat zahlreiche Romane, Erz\u00e4hlungen und Kinderb\u00fccher ver\u00f6ffentlicht. F\u00fcr ihre Arbeiten wurde sie unter anderem mit dem \u00d6sterreichischen W\u00fcrdigungspreis f\u00fcr Literatur, dem Solothurner Literaturpreis, dem Johann-Peter-Hebel-Preis und dem Bruno-Kreisky-Preis f\u00fcr das politische Buch ausgezeichnet. Zuletzt erschienen u.a. die Romane <em>Vati<\/em> (Hanser, 2021), <em>L\u00f6wenherz<\/em> (Hanser, 2022) und <em>Die Jungfrau<\/em> (Hanser, 2023), die Erz\u00e4hlb\u00e4nde <em>Bettgeschichten und andere<\/em> (Bahoe Books, 2022), <em>Wie die Welt weiterging<\/em> (Hanser, 2024), die Erz\u00e4hlung <em>Der B\u00fccherfreund<\/em> (Hanser, 2025) sowie das gemeinsam mit Michael K\u00f6hlmeier verfasste St\u00fcck <em>Praterstern<\/em> (Braum\u00fcller, 2025).<\/p>\n<p><strong>\u00dcber den Preis<\/strong><br>\nDer \u201eBoccaccio.cc-Preis f\u00fcr die beste Erz\u00e4hlung des Jahres\u201c ist mit 10.000 Euro dotiert und wird j\u00e4hrlich vergeben. Die erste Preistr\u00e4gerin 2024 war Natascha Wodin, die f\u00fcr ihren Text <a href=\"https:\/\/boccaccio.cc\/de\/author\/natascha-wodin\/nachbarinnen\/\">\u201eNachbarinnen\u201c<\/a> ausgezeichnet wurde. Ziel des Preises ist es, die Aufmerksamkeit auf die Gattung der Erz\u00e4hlung zu lenken, die im deutschen Sprachraum einen unverdient schweren Stand hat und vom Buchmarkt h\u00e4ufig \u00fcbersehen wird.<\/p>\n<p style=\"text-align: center;\">*&nbsp; *&nbsp; *<\/p>\n<p><strong>Sponsoren<\/strong><br>\nDer Boccaccio-cc-Preis wird unterst\u00fctzt von der <a href=\"http:\/\/text-manufaktur.de\">Textmanufaktur<\/a>, dem <a href=\"http:\/\/korrekturverlag.com\">Korrektur Verlag<\/a>&nbsp;und der Kulturabteilung der Stadt Wien.<\/p>\n<p>&nbsp;<\/p>\n<p><a href=\"http:\/\/text-manufaktur.de\"><img decoding=\"async\" class=\"alignleft wp-image-4909\" src=\"https:\/\/boccaccio.cc\/de\/wp-content\/uploads\/sites\/2\/2025\/09\/TM_Bildmarke_schriftzug_farbe.jpg\" alt=\"Textmanufaktur\" width=\"300\" height=\"49\" srcset=\"https:\/\/boccaccio.cc\/de\/wp-content\/uploads\/sites\/2\/2025\/09\/TM_Bildmarke_schriftzug_farbe.jpg 1177w, https:\/\/boccaccio.cc\/de\/wp-content\/uploads\/sites\/2\/2025\/09\/TM_Bildmarke_schriftzug_farbe-300x49.jpg 300w, https:\/\/boccaccio.cc\/de\/wp-content\/uploads\/sites\/2\/2025\/09\/TM_Bildmarke_schriftzug_farbe-1030x168.jpg 1030w, https:\/\/boccaccio.cc\/de\/wp-content\/uploads\/sites\/2\/2025\/09\/TM_Bildmarke_schriftzug_farbe-768x125.jpg 768w, https:\/\/boccaccio.cc\/de\/wp-content\/uploads\/sites\/2\/2025\/09\/TM_Bildmarke_schriftzug_farbe-705x115.jpg 705w, https:\/\/boccaccio.cc\/de\/wp-content\/uploads\/sites\/2\/2025\/09\/TM_Bildmarke_schriftzug_farbe-450x73.jpg 450w, https:\/\/boccaccio.cc\/de\/wp-content\/uploads\/sites\/2\/2025\/09\/TM_Bildmarke_schriftzug_farbe-600x98.jpg 600w\" sizes=\"(max-width: 300px) 100vw, 300px\"><\/a><\/p>\n<p>&nbsp;<\/p>\n<p>&nbsp;<\/p>\n<p><a href=\"http:\/\/korrekturverlag.com\"><img decoding=\"async\" class=\"wp-image-4913 alignnone\" src=\"https:\/\/boccaccio.cc\/de\/wp-content\/uploads\/sites\/2\/2025\/09\/korrekturverlag-logo.jpg\" alt=\"Korrektur Verlag\" width=\"200\" height=\"70\"><\/a><\/p>\n<p><img decoding=\"async\" class=\"alignnone wp-image-5243\" src=\"https:\/\/boccaccio.cc\/de\/wp-content\/uploads\/sites\/2\/2025\/12\/Stadt_Wien_Kultur_pos_rgb-300x86.jpg\" alt width=\"300\" height=\"86\"><\/p>\n<p><img decoding=\"async\" class=\"alignnone wp-image-5246\" src=\"https:\/\/boccaccio.cc\/de\/wp-content\/uploads\/sites\/2\/2025\/12\/OGL_Logo_220211-300x106.jpg\" alt width=\"300\" height=\"106\" srcset=\"https:\/\/boccaccio.cc\/de\/wp-content\/uploads\/sites\/2\/2025\/12\/OGL_Logo_220211-300x106.jpg 300w, https:\/\/boccaccio.cc\/de\/wp-content\/uploads\/sites\/2\/2025\/12\/OGL_Logo_220211-450x158.jpg 450w, https:\/\/boccaccio.cc\/de\/wp-content\/uploads\/sites\/2\/2025\/12\/OGL_Logo_220211-600x211.jpg 600w, https:\/\/boccaccio.cc\/de\/wp-content\/uploads\/sites\/2\/2025\/12\/OGL_Logo_220211.jpg 662w\" sizes=\"(max-width: 300px) 100vw, 300px\"><\/p>\n","protected":false},"excerpt":{"rendered":"<p>Boccaccio.cc\u2013Preis f\u00fcr die beste Erz\u00e4hlung des Jahres an Monika Helfer \u00fcberreicht Die \u00f6sterreichische Schriftstellerin Monika Helfer wurde am 25. M\u00e4rz 2026 in der \u00d6sterreichischen Gesellschaft f\u00fcr Literatur in Wien mit dem \u201eBoccaccio.cc-Preis f\u00fcr die beste Erz\u00e4hlung des Jahres\u201c ausgezeichnet. Die Erz\u00e4hlung \u201eSie wollten sich trennen\u201c wurde von der Jury, bestehend aus Dana Grigorcea, Julia Schoch [\u2026]<\/p>\n","protected":false},"author":2,"featured_media":0,"parent":0,"menu_order":0,"comment_status":"closed","ping_status":"closed","template":"","meta":{"_acf_changed":false,"give_campaign_id":0,"wp_typography_post_enhancements_disabled":false,"footnotes":""},"class_list":["post-5414","page","type-page","status-publish","hentry"],"acf":[],"campaignId":"","_links":{"self":[{"href":"https:\/\/boccaccio.cc\/de\/wp-json\/wp\/v2\/pages\/5414","targetHints":{"allow":["GET"]}}],"collection":[{"href":"https:\/\/boccaccio.cc\/de\/wp-json\/wp\/v2\/pages"}],"about":[{"href":"https:\/\/boccaccio.cc\/de\/wp-json\/wp\/v2\/types\/page"}],"author":[{"embeddable":true,"href":"https:\/\/boccaccio.cc\/de\/wp-json\/wp\/v2\/users\/2"}],"replies":[{"embeddable":true,"href":"https:\/\/boccaccio.cc\/de\/wp-json\/wp\/v2\/comments?post=5414"}],"version-history":[{"count":20,"href":"https:\/\/boccaccio.cc\/de\/wp-json\/wp\/v2\/pages\/5414\/revisions"}],"predecessor-version":[{"id":5445,"href":"https:\/\/boccaccio.cc\/de\/wp-json\/wp\/v2\/pages\/5414\/revisions\/5445"}],"wp:attachment":[{"href":"https:\/\/boccaccio.cc\/de\/wp-json\/wp\/v2\/media?parent=5414"}],"curies":[{"name":"wp","href":"https:\/\/api.w.org\/{rel}","templated":true}]}}